{"id":2928,"date":"2025-02-06T17:35:11","date_gmt":"2025-02-06T16:35:11","guid":{"rendered":"http:\/\/www.herbadent.com\/pre-odbornikov\/ambasador-klub\/"},"modified":"2025-07-08T12:34:51","modified_gmt":"2025-07-08T10:34:51","slug":"ambasador-klub","status":"publish","type":"page","link":"https:\/\/www.herbadent.com\/sk\/pre-odbornikov\/ambasador-klub\/","title":{"rendered":"Ambas\u00e1dor klub"},"content":{"rendered":"<div class=\"gdc_row\">\n<div class=\"gdc_column gdc_chalf\">\n<div class=\"gdc_inner\">\n<h2 style=\"text-align: center;\">Zaujali sme v\u00e1s?<\/h2>\n<p style=\"text-align: center;\">\n<div class=\"button-wrap text-center\"><a target=\"\" class=\"button\" href=\"mailto:ambasador@herbadent.cz\">Kontaktujte n\u00e1s na ambasador@herbadent.cz<\/a><\/div>\n<\/p>\n<\/div>\n<\/div>\n<div class=\"gdc_column gdc_chalf\">\n<div class=\"gdc_inner\">\n<h2 style=\"text-align: center;\">M\u00e1te u\u017e svoj \u00fa\u010det?<\/h2>\n<p style=\"text-align: center;\">\n<div class=\"button-wrap text-center\"><a target=\"_blank\" class=\"button\" href=\"https:\/\/herbadent.com\/ambasador-sk\/\">Prihl\u00e1ste sa tu<\/a><\/div>\n<\/p>\n<\/div>\n<\/div>\n<\/div>\n","protected":false},"excerpt":{"rendered":"","protected":false},"author":1,"featured_media":0,"parent":2898,"menu_order":0,"comment_status":"closed","ping_status":"closed","template":"","meta":{"footnotes":""},"class_list":["post-2928","page","type-page","status-publish","hentry"],"acf":[],"aioseo_notices":[],"_links":{"self":[{"href":"https:\/\/www.herbadent.com\/sk\/wp-json\/wp\/v2\/pages\/2928","targetHints":{"allow":["GET"]}}],"collection":[{"href":"https:\/\/www.herbadent.com\/sk\/wp-json\/wp\/v2\/pages"}],"about":[{"href":"https:\/\/www.herbadent.com\/sk\/wp-json\/wp\/v2\/types\/page"}],"author":[{"embeddable":true,"href":"https:\/\/www.herbadent.com\/sk\/wp-json\/wp\/v2\/users\/1"}],"replies":[{"embeddable":true,"href":"https:\/\/www.herbadent.com\/sk\/wp-json\/wp\/v2\/comments?post=2928"}],"version-history":[{"count":0,"href":"https:\/\/www.herbadent.com\/sk\/wp-json\/wp\/v2\/pages\/2928\/revisions"}],"up":[{"embeddable":true,"href":"https:\/\/www.herbadent.com\/sk\/wp-json\/wp\/v2\/pages\/2898"}],"wp:attachment":[{"href":"https:\/\/www.herbadent.com\/sk\/wp-json\/wp\/v2\/media?parent=2928"}],"curies":[{"name":"wp","href":"https:\/\/api.w.org\/{rel}","templated":true}]}}