{"id":2908,"date":"2025-02-06T20:09:44","date_gmt":"2025-02-06T19:09:44","guid":{"rendered":"http:\/\/www.herbadent.com\/pre-odbornikov\/brandovane-vyrobky\/"},"modified":"2025-06-25T09:41:51","modified_gmt":"2025-06-25T07:41:51","slug":"brandovane-vyrobky","status":"publish","type":"page","link":"https:\/\/www.herbadent.com\/sk\/pre-odbornikov\/brandovane-vyrobky\/","title":{"rendered":"Brandovan\u00e9 v\u00fdrobky"},"content":{"rendered":"<style type=\"text\/css\">\n\t\t\t#gallery-1 {\n\t\t\t\tmargin: auto;\n\t\t\t}\n\t\t\t#gallery-1 .gallery-item {\n\t\t\t\tfloat: left;\n\t\t\t\tmargin-top: 10px;\n\t\t\t\ttext-align: center;\n\t\t\t\twidth: 16%;\n\t\t\t}\n\t\t\t#gallery-1 img {\n\t\t\t\tborder: 2px solid #cfcfcf;\n\t\t\t}\n\t\t\t#gallery-1 .gallery-caption {\n\t\t\t\tmargin-left: 0;\n\t\t\t}\n\t\t\t\/* see gallery_shortcode() in wp-includes\/media.php *\/\n\t\t<\/style>\n<div id='gallery-1' class='gallery galleryid-2908 gallery-columns-6 gallery-size-thumbnail'>\n<dl class='gallery-item'>\n<dt class='gallery-icon landscape'>\n\t\t\t\t<a href='https:\/\/www.herbadent.com\/wp-content\/uploads\/2025\/03\/cd.jpg' title=\"\" data-rl_title=\"\" class=\"rl-gallery-link\" data-rl_caption=\"\" data-rel=\"lightbox-gallery-1\"><img loading=\"lazy\" decoding=\"async\" width=\"626\" height=\"563\" src=\"https:\/\/www.herbadent.com\/wp-content\/uploads\/2025\/03\/cd.jpg\" class=\"attachment-thumbnail size-thumbnail\" alt=\"\" srcset=\"https:\/\/www.herbadent.com\/wp-content\/uploads\/2025\/03\/cd.jpg 626w, https:\/\/www.herbadent.com\/wp-content\/uploads\/2025\/03\/cd-300x270.jpg 300w\" sizes=\"auto, (max-width: 626px) 100vw, 626px\" \/><\/a>\n\t\t\t<\/dt>\n<\/dl>\n<dl class='gallery-item'>\n<dt class='gallery-icon landscape'>\n\t\t\t\t<a href='https:\/\/www.herbadent.com\/wp-content\/uploads\/2025\/03\/cd2.jpg' title=\"\" data-rl_title=\"\" class=\"rl-gallery-link\" data-rl_caption=\"\" data-rel=\"lightbox-gallery-1\"><img loading=\"lazy\" decoding=\"async\" width=\"626\" height=\"563\" src=\"https:\/\/www.herbadent.com\/wp-content\/uploads\/2025\/03\/cd2.jpg\" class=\"attachment-thumbnail size-thumbnail\" alt=\"\" srcset=\"https:\/\/www.herbadent.com\/wp-content\/uploads\/2025\/03\/cd2.jpg 626w, https:\/\/www.herbadent.com\/wp-content\/uploads\/2025\/03\/cd2-300x270.jpg 300w\" sizes=\"auto, (max-width: 626px) 100vw, 626px\" \/><\/a>\n\t\t\t<\/dt>\n<\/dl>\n<dl class='gallery-item'>\n<dt class='gallery-icon landscape'>\n\t\t\t\t<a href='https:\/\/www.herbadent.com\/wp-content\/uploads\/2025\/03\/ADGH-1.jpg' title=\"\" data-rl_title=\"\" class=\"rl-gallery-link\" data-rl_caption=\"\" data-rel=\"lightbox-gallery-1\"><img loading=\"lazy\" decoding=\"async\" width=\"626\" height=\"563\" src=\"https:\/\/www.herbadent.com\/wp-content\/uploads\/2025\/03\/ADGH-1.jpg\" class=\"attachment-thumbnail size-thumbnail\" alt=\"\" srcset=\"https:\/\/www.herbadent.com\/wp-content\/uploads\/2025\/03\/ADGH-1.jpg 626w, https:\/\/www.herbadent.com\/wp-content\/uploads\/2025\/03\/ADGH-1-300x270.jpg 300w\" sizes=\"auto, (max-width: 626px) 100vw, 626px\" \/><\/a>\n\t\t\t<\/dt>\n<\/dl>\n<dl class='gallery-item'>\n<dt class='gallery-icon landscape'>\n\t\t\t\t<a href='https:\/\/www.herbadent.com\/wp-content\/uploads\/2025\/03\/herbadent_blistr_STAN_ECO_1-kopie-8-1.jpg' title=\"\" data-rl_title=\"\" class=\"rl-gallery-link\" data-rl_caption=\"\" data-rel=\"lightbox-gallery-1\"><img loading=\"lazy\" decoding=\"async\" width=\"626\" height=\"563\" src=\"https:\/\/www.herbadent.com\/wp-content\/uploads\/2025\/03\/herbadent_blistr_STAN_ECO_1-kopie-8-1.jpg\" class=\"attachment-thumbnail size-thumbnail\" alt=\"\" srcset=\"https:\/\/www.herbadent.com\/wp-content\/uploads\/2025\/03\/herbadent_blistr_STAN_ECO_1-kopie-8-1.jpg 626w, https:\/\/www.herbadent.com\/wp-content\/uploads\/2025\/03\/herbadent_blistr_STAN_ECO_1-kopie-8-1-300x270.jpg 300w\" sizes=\"auto, (max-width: 626px) 100vw, 626px\" \/><\/a>\n\t\t\t<\/dt>\n<\/dl>\n<dl class='gallery-item'>\n<dt class='gallery-icon landscape'>\n\t\t\t\t<a href='https:\/\/www.herbadent.com\/wp-content\/uploads\/2025\/03\/treedkVIZUALIZACE-1.jpg' title=\"\" data-rl_title=\"\" class=\"rl-gallery-link\" data-rl_caption=\"\" data-rel=\"lightbox-gallery-1\"><img loading=\"lazy\" decoding=\"async\" width=\"626\" height=\"563\" src=\"https:\/\/www.herbadent.com\/wp-content\/uploads\/2025\/03\/treedkVIZUALIZACE-1.jpg\" class=\"attachment-thumbnail size-thumbnail\" alt=\"\" srcset=\"https:\/\/www.herbadent.com\/wp-content\/uploads\/2025\/03\/treedkVIZUALIZACE-1.jpg 626w, https:\/\/www.herbadent.com\/wp-content\/uploads\/2025\/03\/treedkVIZUALIZACE-1-300x270.jpg 300w\" sizes=\"auto, (max-width: 626px) 100vw, 626px\" \/><\/a>\n\t\t\t<\/dt>\n<\/dl>\n<dl class='gallery-item'>\n<dt class='gallery-icon landscape'>\n\t\t\t\t<a href='https:\/\/www.herbadent.com\/wp-content\/uploads\/2025\/02\/1361_krabicka-tuba.jpg' title=\"\" data-rl_title=\"\" class=\"rl-gallery-link\" data-rl_caption=\"\" data-rel=\"lightbox-gallery-1\"><img loading=\"lazy\" decoding=\"async\" width=\"626\" height=\"563\" src=\"https:\/\/www.herbadent.com\/wp-content\/uploads\/2025\/02\/1361_krabicka-tuba.jpg\" class=\"attachment-thumbnail size-thumbnail\" alt=\"\" srcset=\"https:\/\/www.herbadent.com\/wp-content\/uploads\/2025\/02\/1361_krabicka-tuba.jpg 626w, https:\/\/www.herbadent.com\/wp-content\/uploads\/2025\/02\/1361_krabicka-tuba-300x270.jpg 300w\" sizes=\"auto, (max-width: 626px) 100vw, 626px\" \/><\/a>\n\t\t\t<\/dt>\n<\/dl>\n<p><br style=\"clear: both\" \/>\n\t\t<\/div>\n<h3 style=\"text-align: center;\">Pre viac inform\u00e1ci\u00ed p\u00ed\u0161te na<\/h3>\n<p style=\"text-align: center;\">\n<div class=\"button-wrap text-center\"><a target=\"\" class=\"button\" href=\"mailto:info@herbadent.cz\">info@herbadent.cz<\/a><\/div><\/p>\n","protected":false},"excerpt":{"rendered":"<p>Pre viac inform\u00e1ci\u00ed p\u00ed\u0161te na<\/p>\n","protected":false},"author":1,"featured_media":0,"parent":2898,"menu_order":0,"comment_status":"closed","ping_status":"closed","template":"","meta":{"footnotes":""},"class_list":["post-2908","page","type-page","status-publish","hentry"],"acf":[],"aioseo_notices":[],"_links":{"self":[{"href":"https:\/\/www.herbadent.com\/sk\/wp-json\/wp\/v2\/pages\/2908","targetHints":{"allow":["GET"]}}],"collection":[{"href":"https:\/\/www.herbadent.com\/sk\/wp-json\/wp\/v2\/pages"}],"about":[{"href":"https:\/\/www.herbadent.com\/sk\/wp-json\/wp\/v2\/types\/page"}],"author":[{"embeddable":true,"href":"https:\/\/www.herbadent.com\/sk\/wp-json\/wp\/v2\/users\/1"}],"replies":[{"embeddable":true,"href":"https:\/\/www.herbadent.com\/sk\/wp-json\/wp\/v2\/comments?post=2908"}],"version-history":[{"count":0,"href":"https:\/\/www.herbadent.com\/sk\/wp-json\/wp\/v2\/pages\/2908\/revisions"}],"up":[{"embeddable":true,"href":"https:\/\/www.herbadent.com\/sk\/wp-json\/wp\/v2\/pages\/2898"}],"wp:attachment":[{"href":"https:\/\/www.herbadent.com\/sk\/wp-json\/wp\/v2\/media?parent=2908"}],"curies":[{"name":"wp","href":"https:\/\/api.w.org\/{rel}","templated":true}]}}