{"id":2861,"date":"2025-01-10T13:21:36","date_gmt":"2025-01-10T12:21:36","guid":{"rendered":"http:\/\/www.herbadent.com\/gdpr\/"},"modified":"2025-03-19T08:23:51","modified_gmt":"2025-03-19T07:23:51","slug":"gdpr","status":"publish","type":"page","link":"https:\/\/www.herbadent.com\/sk\/gdpr\/","title":{"rendered":"GDPR"},"content":{"rendered":"<h2>OCHRANA OSOBN\u00ddCH \u00daDAJOV<\/h2>\n<ul>\n<li>Ochrana osobn\u00fdch \u00fadajov kupuj\u00faceho, ktor\u00fd je fyzickou osobou, je zabezpe\u010den\u00e1 z\u00e1konom \u010d.&nbsp;101\/2000 Zb., o&nbsp;ochrane osobn\u00fdch \u00fadajov, v&nbsp;znen\u00ed neskor\u0161\u00edch predpisov.<\/li>\n<li>Kupuj\u00faci s\u00fahlas\u00ed so spracovan\u00edm t\u00fdchto svojich osobn\u00fdch \u00fadajov: meno a&nbsp;priezvisko, adresa bydliska, identifika\u010dn\u00e9 \u010d\u00edslo, da\u0148ov\u00e9 identifika\u010dn\u00e9 \u010d\u00edslo, faktura\u010dn\u00e1 adresa, e-mailov\u00e1 adresa, telef\u00f3nne \u010d\u00edslo a&nbsp;pr\u00edpadne d\u00e1tum narodenia (\u010falej spolo\u010dne len ako \u201eosobn\u00e9 \u00fadaje\u201c).<\/li>\n<li>Kupuj\u00faci s\u00fahlas\u00ed so spracovan\u00edm osobn\u00fdch \u00fadajov pred\u00e1vaj\u00facim na&nbsp;\u00fa\u010dely realiz\u00e1cie pr\u00e1v a&nbsp;povinnost\u00ed z&nbsp;k\u00fapnej zmluvy a&nbsp;na&nbsp;\u00fa\u010dely vedenia pou\u017e\u00edvate\u013esk\u00e9ho \u00fa\u010dtu. Ak si kupuj\u00faci nezvol\u00ed in\u00fa mo\u017enos\u0165, s\u00fahlas\u00ed so spracovan\u00edm osobn\u00fdch \u00fadajov pred\u00e1vaj\u00facim aj na&nbsp;\u00fa\u010dely zasielania inform\u00e1ci\u00ed a&nbsp;obchodn\u00fdch ozn\u00e1men\u00ed kupuj\u00facemu. S\u00fahlas so spracovan\u00edm osobn\u00fdch \u00fadajov v&nbsp;celom rozsahu pod\u013ea tohto \u010dl\u00e1nku nie je podmienkou, ktor\u00e1 by sama o&nbsp;sebe znemo\u017e\u0148ovala uzavretie k\u00fapnej zmluvy.<\/li>\n<li>Kupuj\u00faci berie na&nbsp;vedomie, \u017ee je povinn\u00fd uv\u00e1dza\u0165 svoje osobn\u00e9 \u00fadaje (pri registr\u00e1cii, vo svojom pou\u017e\u00edvate\u013eskom \u00fa\u010dte, pri objedn\u00e1vke vykonanej z&nbsp;webov\u00e9ho rozhrania obchodu) spr\u00e1vne a&nbsp;pravdivo a&nbsp;\u017ee je povinn\u00fd bez zbyto\u010dn\u00e9ho odkladu informova\u0165 pred\u00e1vaj\u00faceho o&nbsp;ich zmene.<\/li>\n<li>Spracovan\u00edm osobn\u00fdch \u00fadajov kupuj\u00faceho m\u00f4\u017ee pred\u00e1vaj\u00faci poveri\u0165 tretiu osobu ako sprostredkovate\u013ea. Okrem os\u00f4b zabezpe\u010duj\u00facich prepravu tovaru nebud\u00fa osobn\u00e9 \u00fadaje pred\u00e1vaj\u00facim bez predch\u00e1dzaj\u00faceho s\u00fahlasu kupuj\u00faceho poskytovan\u00e9 tret\u00edm osob\u00e1m.<\/li>\n<li>Osobn\u00e9 \u00fadaje bud\u00fa spracov\u00e1van\u00e9 na&nbsp;dobu neur\u010dit\u00fa. Osobn\u00e9 \u00fadaje bud\u00fa spracov\u00e1van\u00e9 v&nbsp;elektronickej podobe automatizovan\u00fdm sp\u00f4sobom alebo v&nbsp;tla\u010denej podobe neautomatizovan\u00fdm sp\u00f4sobom.<\/li>\n<li>Kupuj\u00faci potvrdzuje, \u017ee poskytnut\u00e9 osobn\u00e9 \u00fadaje s\u00fa presn\u00e9 a&nbsp;\u017ee bol pou\u010den\u00fd o&nbsp;tom, \u017ee ich poskytovanie je dobrovo\u013en\u00e9.<\/li>\n<li>V pr\u00edpade, \u017ee by sa kupuj\u00faci domnieval, \u017ee pred\u00e1vaj\u00faci alebo sprostredkovate\u013e (\u010dl. 9.5) sprac\u00fava jeho osobn\u00e9 \u00fadaje v&nbsp;rozpore s&nbsp;ochranou s\u00fakromn\u00e9ho a&nbsp;osobn\u00e9ho \u017eivota kupuj\u00faceho alebo v&nbsp;rozpore so z\u00e1konom, najm\u00e4 ak s\u00fa osobn\u00e9 \u00fadaje nepresn\u00e9 s&nbsp;oh\u013eadom na&nbsp;\u00fa\u010del ich spracovania, m\u00f4\u017ee:\n<ul>\n<li>po\u017eiada\u0165 pred\u00e1vaj\u00faceho alebo sprostredkovate\u013ea o&nbsp;vysvetlenie,<\/li>\n<li>po\u017eadova\u0165, aby pred\u00e1vaj\u00faci alebo sprostredkovate\u013e odstr\u00e1nil takto vzniknut\u00fd stav.<\/li>\n<li>Ak kupuj\u00faci po\u017eiada o&nbsp;inform\u00e1ciu o&nbsp;spracovan\u00ed svojich osobn\u00fdch \u00fadajov, pred\u00e1vaj\u00faci je povinn\u00fd t\u00fato inform\u00e1ciu poskytn\u00fa\u0165. Pred\u00e1vaj\u00faci m\u00e1 pr\u00e1vo za&nbsp;poskytnutie inform\u00e1cie pod\u013ea predch\u00e1dzaj\u00facej vety po\u017eadova\u0165 primeran\u00fa \u00fahradu neprevy\u0161uj\u00facu n\u00e1klady nevyhnutn\u00e9 na&nbsp;jej poskytnutie.<\/li>\n<\/ul>\n<\/li>\n<\/ul>\n<h2>ZASIELANIE OBCHODN\u00ddCH OZN\u00c1MEN\u00cd A&nbsp;UKLADANIE COOKIES<\/h2>\n<p>Kupuj\u00faci s\u00fahlas\u00ed so zasielan\u00edm inform\u00e1ci\u00ed s\u00favisiacich s&nbsp;tovarom, slu\u017ebami alebo podnikan\u00edm pred\u00e1vaj\u00faceho na&nbsp;elektronick\u00fa adresu kupuj\u00faceho a&nbsp;\u010falej s\u00fahlas\u00ed so zasielan\u00edm obchodn\u00fdch ozn\u00e1men\u00ed pred\u00e1vaj\u00facim na&nbsp;elektronick\u00fa adresu kupuj\u00faceho.<\/p>\n<p>Kupuj\u00faci s\u00fahlas\u00ed s&nbsp;ukladan\u00edm tzv.&nbsp;cookies na&nbsp;jeho po\u010d\u00edta\u010d. V&nbsp;pr\u00edpade, \u017ee je mo\u017en\u00e9 vykona\u0165 n\u00e1kup na&nbsp;webovej str\u00e1nke a&nbsp;plni\u0165 z\u00e1v\u00e4zky pred\u00e1vaj\u00faceho z&nbsp;k\u00fapnej zmluvy bez ukladania cookies na&nbsp;po\u010d\u00edta\u010d kupuj\u00faceho, m\u00f4\u017ee kupuj\u00faci svoj s\u00fahlas pod\u013ea predch\u00e1dzaj\u00facej vety kedyko\u013evek odvola\u0165.<\/p>\n","protected":false},"excerpt":{"rendered":"<p>OCHRANA OSOBN\u00ddCH \u00daDAJOV Ochrana osobn\u00fdch \u00fadajov kupuj\u00faceho, ktor\u00fd je fyzickou osobou, je zabezpe\u010den\u00e1 z\u00e1konom \u010d.&nbsp;101\/2000 Zb., o&nbsp;ochrane osobn\u00fdch \u00fadajov, v&nbsp;znen\u00ed neskor\u0161\u00edch predpisov. Kupuj\u00faci s\u00fahlas\u00ed so spracovan\u00edm t\u00fdchto svojich osobn\u00fdch \u00fadajov: meno a&nbsp;priezvisko, adresa bydliska, identifika\u010dn\u00e9 \u010d\u00edslo, da\u0148ov\u00e9 identifika\u010dn\u00e9 \u010d\u00edslo, faktura\u010dn\u00e1 adresa, e-mailov\u00e1 adresa, telef\u00f3nne \u010d\u00edslo a&nbsp;pr\u00edpadne d\u00e1tum narodenia (\u010falej spolo\u010dne len ako \u201eosobn\u00e9 \u00fadaje\u201c). Kupuj\u00faci&#8230;<\/p>\n","protected":false},"author":1,"featured_media":0,"parent":0,"menu_order":0,"comment_status":"closed","ping_status":"closed","template":"","meta":{"footnotes":""},"class_list":["post-2861","page","type-page","status-publish","hentry"],"acf":[],"aioseo_notices":[],"_links":{"self":[{"href":"https:\/\/www.herbadent.com\/sk\/wp-json\/wp\/v2\/pages\/2861","targetHints":{"allow":["GET"]}}],"collection":[{"href":"https:\/\/www.herbadent.com\/sk\/wp-json\/wp\/v2\/pages"}],"about":[{"href":"https:\/\/www.herbadent.com\/sk\/wp-json\/wp\/v2\/types\/page"}],"author":[{"embeddable":true,"href":"https:\/\/www.herbadent.com\/sk\/wp-json\/wp\/v2\/users\/1"}],"replies":[{"embeddable":true,"href":"https:\/\/www.herbadent.com\/sk\/wp-json\/wp\/v2\/comments?post=2861"}],"version-history":[{"count":0,"href":"https:\/\/www.herbadent.com\/sk\/wp-json\/wp\/v2\/pages\/2861\/revisions"}],"wp:attachment":[{"href":"https:\/\/www.herbadent.com\/sk\/wp-json\/wp\/v2\/media?parent=2861"}],"curies":[{"name":"wp","href":"https:\/\/api.w.org\/{rel}","templated":true}]}}