{"id":2858,"date":"2025-01-10T13:21:36","date_gmt":"2025-01-10T12:21:36","guid":{"rendered":"http:\/\/www.herbadent.com\/gdpr\/"},"modified":"2025-03-19T08:20:38","modified_gmt":"2025-03-19T07:20:38","slug":"gdpr","status":"publish","type":"page","link":"https:\/\/www.herbadent.com\/fr\/gdpr\/","title":{"rendered":"GDPR"},"content":{"rendered":"<h2>PROTECTION DES DONN\u00c9ES PERSONNELLES<\/h2>\n<ul>\n<li>La protection des donn\u00e9es personnelles de l&rsquo;acheteur, qui est une personne physique, est assur\u00e9e par la loi n\u00b0 101\/2000 Coll., sur la protection des donn\u00e9es personnelles, telle que modifi\u00e9e.<\/li>\n<li>L&rsquo;acheteur accepte le traitement des donn\u00e9es personnelles suivantes : nom et pr\u00e9nom, adresse de r\u00e9sidence, num\u00e9ro d&rsquo;identification, num\u00e9ro d&rsquo;identification fiscale, adresse de facturation, adresse e-mail, num\u00e9ro de t\u00e9l\u00e9phone et \u00e9ventuellement la date de naissance (ci-apr\u00e8s d\u00e9nomm\u00e9es collectivement \u00ab donn\u00e9es personnelles \u00bb).<\/li>\n<li>L&rsquo;acheteur accepte le traitement de ses donn\u00e9es personnelles par le vendeur aux fins de l&rsquo;ex\u00e9cution des droits et obligations d\u00e9coulant du contrat d&rsquo;achat et de la gestion du compte utilisateur. Sauf choix contraire de l&rsquo;acheteur, celui-ci accepte \u00e9galement le traitement de ses donn\u00e9es personnelles par le vendeur \u00e0 des fins d&rsquo;envoi d&rsquo;informations et de communications commerciales. Le consentement au traitement des donn\u00e9es personnelles dans son int\u00e9gralit\u00e9 selon cet article n&rsquo;est pas une condition qui emp\u00eacherait \u00e0 elle seule la conclusion du contrat d&rsquo;achat.<\/li>\n<li>L&rsquo;acheteur reconna\u00eet qu&rsquo;il est tenu de fournir ses donn\u00e9es personnelles (lors de l&rsquo;enregistrement, dans son compte utilisateur, lors d&rsquo;une commande effectu\u00e9e via l&rsquo;interface web du magasin) correctement et fid\u00e8lement, et qu&rsquo;il est tenu d&rsquo;informer le vendeur de toute modification de ses donn\u00e9es personnelles sans retard injustifi\u00e9.<\/li>\n<li>Le vendeur peut autoriser un tiers en tant que sous-traitant \u00e0 traiter les donn\u00e9es personnelles de l&rsquo;acheteur. \u00c0 l&rsquo;exception des personnes charg\u00e9es de la livraison des marchandises, les donn\u00e9es personnelles ne seront pas transmises \u00e0 des tiers par le vendeur sans le consentement pr\u00e9alable de l&rsquo;acheteur.<\/li>\n<li>Les donn\u00e9es personnelles seront trait\u00e9es pour une dur\u00e9e ind\u00e9termin\u00e9e. Les donn\u00e9es personnelles seront trait\u00e9es sous forme \u00e9lectronique de mani\u00e8re automatis\u00e9e ou sous forme papier de mani\u00e8re non automatis\u00e9e.<\/li>\n<li>L&rsquo;acheteur confirme que les donn\u00e9es personnelles fournies sont exactes et qu&rsquo;il a&nbsp;\u00e9t\u00e9 inform\u00e9 du fait que la fourniture de ces donn\u00e9es est volontaire.<\/li>\n<li>Dans le cas o\u00f9 l&rsquo;acheteur estime que le vendeur ou le sous-traitant (article 9.5) traite ses donn\u00e9es personnelles en violation de la protection de la vie priv\u00e9e et personnelle de l&rsquo;acheteur ou en violation de la loi, en particulier si les donn\u00e9es personnelles sont inexactes par rapport \u00e0 l&rsquo;objectif de leur traitement, il peut :\n<ul>\n<li>demander une explication au vendeur ou au sous-traitant,<\/li>\n<li>exiger que le vendeur ou le sous-traitant rectifie la situation.<\/li>\n<li>Si l&rsquo;acheteur demande des informations sur le traitement de ses donn\u00e9es personnelles, le vendeur est tenu de les lui fournir. Le vendeur a&nbsp;le droit de demander une indemnisation raisonnable pour la fourniture de ces informations, ne d\u00e9passant pas les co\u00fbts n\u00e9cessaires \u00e0 leur mise \u00e0 disposition.<\/li>\n<\/ul>\n<\/li>\n<\/ul>\n<h2>ENVOI DE COMMUNICATIONS COMMERCIALES ET STOCKAGE DES COOKIES<\/h2>\n<p>L&rsquo;acheteur accepte de recevoir des informations relatives aux produits, services ou \u00e0 l&rsquo;entreprise du vendeur \u00e0 l&rsquo;adresse \u00e9lectronique de l&rsquo;acheteur et accepte \u00e9galement de recevoir des communications commerciales du vendeur \u00e0 l&rsquo;adresse \u00e9lectronique de l&rsquo;acheteur.<\/p>\n<p>L&rsquo;acheteur accepte le stockage des cookies sur son ordinateur. Si l&rsquo;achat sur le site web et l&rsquo;ex\u00e9cution des obligations du vendeur en vertu du contrat d&rsquo;achat sont possibles sans stockage de cookies sur l&rsquo;ordinateur de l&rsquo;acheteur, celui-ci peut retirer son consentement \u00e0 tout moment.<\/p>\n","protected":false},"excerpt":{"rendered":"<p>PROTECTION DES DONN\u00c9ES PERSONNELLES La protection des donn\u00e9es personnelles de l&rsquo;acheteur, qui est une personne physique, est assur\u00e9e par la loi n\u00b0 101\/2000 Coll., sur la protection des donn\u00e9es personnelles, telle que modifi\u00e9e. L&rsquo;acheteur accepte le traitement des donn\u00e9es personnelles suivantes : nom et pr\u00e9nom, adresse de r\u00e9sidence, num\u00e9ro d&rsquo;identification, num\u00e9ro d&rsquo;identification fiscale, adresse de&#8230;<\/p>\n","protected":false},"author":1,"featured_media":0,"parent":0,"menu_order":0,"comment_status":"closed","ping_status":"closed","template":"","meta":{"footnotes":""},"class_list":["post-2858","page","type-page","status-publish","hentry"],"acf":[],"aioseo_notices":[],"_links":{"self":[{"href":"https:\/\/www.herbadent.com\/fr\/wp-json\/wp\/v2\/pages\/2858","targetHints":{"allow":["GET"]}}],"collection":[{"href":"https:\/\/www.herbadent.com\/fr\/wp-json\/wp\/v2\/pages"}],"about":[{"href":"https:\/\/www.herbadent.com\/fr\/wp-json\/wp\/v2\/types\/page"}],"author":[{"embeddable":true,"href":"https:\/\/www.herbadent.com\/fr\/wp-json\/wp\/v2\/users\/1"}],"replies":[{"embeddable":true,"href":"https:\/\/www.herbadent.com\/fr\/wp-json\/wp\/v2\/comments?post=2858"}],"version-history":[{"count":0,"href":"https:\/\/www.herbadent.com\/fr\/wp-json\/wp\/v2\/pages\/2858\/revisions"}],"wp:attachment":[{"href":"https:\/\/www.herbadent.com\/fr\/wp-json\/wp\/v2\/media?parent=2858"}],"curies":[{"name":"wp","href":"https:\/\/api.w.org\/{rel}","templated":true}]}}