{"id":243,"date":"2025-01-10T13:21:36","date_gmt":"2025-01-10T12:21:36","guid":{"rendered":"http:\/\/www.herbadent.com\/?page_id=243"},"modified":"2025-03-03T15:37:24","modified_gmt":"2025-03-03T14:37:24","slug":"gdpr","status":"publish","type":"page","link":"https:\/\/www.herbadent.com\/cs\/gdpr\/","title":{"rendered":"GDPR"},"content":{"rendered":"<h2>OCHRANA OSOBN\u00cdCH \u00daDAJ\u016e<\/h2>\n<ul>\n<li>Ochrana osobn\u00edch \u00fadaj\u016f kupuj\u00edc\u00edho, kter\u00fd je fyzickou osobou, je poskytov\u00e1na z\u00e1konem \u010d.&nbsp;101\/2000 Sb., o\u00a0ochran\u011b osobn\u00edch \u00fadaj\u016f, ve zn\u011bn\u00ed pozd\u011bj\u0161\u00edch p\u0159edpis\u016f.<\/li>\n<li>Kupuj\u00edc\u00ed souhlas\u00ed se zpracov\u00e1n\u00edm t\u011bchto sv\u00fdch osobn\u00edch \u00fadaj\u016f: jm\u00e9no a\u00a0p\u0159\u00edjmen\u00ed, adresa bydli\u0161t\u011b, identifika\u010dn\u00ed \u010d\u00edslo, da\u0148ov\u00e9 identifika\u010dn\u00ed \u010d\u00edslo, faktura\u010dn\u00ed adresa, adresa elektronick\u00e9 po\u0161ty, telefonn\u00ed \u010d\u00edslo, p\u0159\u00edpadn\u011b datum narozen\u00ed (d\u00e1le spole\u010dn\u011b v\u0161e jen jako \u201eosobn\u00ed \u00fadaje\u201c).<\/li>\n<li>Kupuj\u00edc\u00ed souhlas\u00ed se zpracov\u00e1n\u00edm osobn\u00edch \u00fadaj\u016f prod\u00e1vaj\u00edc\u00edm, a\u00a0to pro \u00fa\u010dely realizace pr\u00e1v a\u00a0povinnost\u00ed z\u00a0kupn\u00ed smlouvy a\u00a0pro \u00fa\u010dely veden\u00ed u\u017eivatelsk\u00e9ho \u00fa\u010dtu. Nezvol\u00ed-li kupuj\u00edc\u00ed jinou mo\u017enost, souhlas\u00ed se zpracov\u00e1n\u00edm osobn\u00edch \u00fadaj\u016f prod\u00e1vaj\u00edc\u00edm tak\u00e9 pro \u00fa\u010dely zas\u00edl\u00e1n\u00ed informac\u00ed a\u00a0obchodn\u00edch sd\u011blen\u00ed kupuj\u00edc\u00edmu. Souhlas se zpracov\u00e1n\u00edm osobn\u00edch \u00fadaj\u016f v\u00a0cel\u00e9m rozsahu dle tohoto \u010dl\u00e1nku nen\u00ed podm\u00ednkou, kter\u00e1 by sama o\u00a0sob\u011b znemo\u017e\u0148ovala uzav\u0159en\u00ed kupn\u00ed smlouvy.<\/li>\n<li>Kupuj\u00edc\u00ed bere na\u00a0v\u011bdom\u00ed, \u017ee je povinen sv\u00e9 osobn\u00ed \u00fadaje (p\u0159i&nbsp;registraci, ve sv\u00e9m u\u017eivatelsk\u00e9m \u00fa\u010dtu, p\u0159i&nbsp;objedn\u00e1vce proveden\u00e9 z\u00a0webov\u00e9ho rozhran\u00ed obchodu) uv\u00e1d\u011bt spr\u00e1vn\u011b a\u00a0pravdiv\u011b a\u00a0\u017ee je povinen bez zbyte\u010dn\u00e9ho odkladu informovat prod\u00e1vaj\u00edc\u00edho o\u00a0zm\u011bn\u011b ve sv\u00fdch osobn\u00edch \u00fadaj\u00edch.<\/li>\n<li>Zpracov\u00e1n\u00edm osobn\u00edch \u00fadaj\u016f kupuj\u00edc\u00edho m\u016f\u017ee prod\u00e1vaj\u00edc\u00ed pov\u011b\u0159it t\u0159et\u00ed osobu, jako\u017eto zpracovatele. Krom\u011b osob dopravuj\u00edc\u00edch zbo\u017e\u00ed nebudou osobn\u00ed \u00fadaje prod\u00e1vaj\u00edc\u00edm bez p\u0159edchoz\u00edho souhlasu kupuj\u00edc\u00edho p\u0159ed\u00e1v\u00e1ny t\u0159et\u00edm osob\u00e1m.<\/li>\n<li>Osobn\u00ed \u00fadaje budou zpracov\u00e1v\u00e1ny po&nbsp;dobu neur\u010ditou. Osobn\u00ed \u00fadaje budou zpracov\u00e1v\u00e1ny v\u00a0elektronick\u00e9 podob\u011b automatizovan\u00fdm zp\u016fsobem nebo v\u00a0ti\u0161t\u011bn\u00e9 podob\u011b neautomatizovan\u00fdm zp\u016fsobem.<\/li>\n<li>Kupuj\u00edc\u00ed potvrzuje, \u017ee poskytnut\u00e9 osobn\u00ed \u00fadaje jsou p\u0159esn\u00e9 a\u00a0\u017ee byl pou\u010den o\u00a0tom, \u017ee se jedn\u00e1 o\u00a0dobrovoln\u00e9 poskytnut\u00ed osobn\u00edch \u00fadaj\u016f.<\/li>\n<li>V p\u0159\u00edpad\u011b, \u017ee by se kupuj\u00edc\u00ed domn\u00edval, \u017ee prod\u00e1vaj\u00edc\u00ed nebo zpracovatel (\u010dl. 9.5) prov\u00e1d\u00ed zpracov\u00e1n\u00ed jeho osobn\u00edch \u00fadaj\u016f, kter\u00e9 je v\u00a0rozporu s\u00a0ochranou soukrom\u00e9ho a\u00a0osobn\u00edho \u017eivota kupuj\u00edc\u00edho nebo v\u00a0rozporu se z\u00e1konem, zejm\u00e9na jsou-li osobn\u00ed \u00fadaje nep\u0159esn\u00e9 s\u00a0ohledem na\u00a0\u00fa\u010del jejich zpracov\u00e1n\u00ed, m\u016f\u017ee:\n<ul>\n<li>po\u017e\u00e1dat prod\u00e1vaj\u00edc\u00edho nebo zpracovatele o\u00a0vysv\u011btlen\u00ed,<\/li>\n<li>po\u017eadovat, aby prod\u00e1vaj\u00edc\u00ed nebo zpracovatel odstranil takto vznikl\u00fd stav.<\/li>\n<li>Po\u017e\u00e1d\u00e1-li kupuj\u00edc\u00ed o\u00a0informaci o\u00a0zpracov\u00e1n\u00ed sv\u00fdch osobn\u00edch \u00fadaj\u016f, je mu prod\u00e1vaj\u00edc\u00ed povinen tuto informaci p\u0159edat. Prod\u00e1vaj\u00edc\u00ed m\u00e1 pr\u00e1vo za\u00a0poskytnut\u00ed informace podle p\u0159edchoz\u00ed v\u011bty po\u017eadovat p\u0159im\u011b\u0159enou \u00fahradu nep\u0159evy\u0161uj\u00edc\u00ed n\u00e1klady nezbytn\u00e9 na\u00a0poskytnut\u00ed informace.<\/li>\n<\/ul>\n<\/li>\n<\/ul>\n<h2>ZAS\u00cdL\u00c1N\u00cd OBCHODN\u00cdCH SD\u011aLEN\u00cd A\u00a0UKL\u00c1D\u00c1N\u00cd COOKIES<\/h2>\n<p>Kupuj\u00edc\u00ed souhlas\u00ed se zas\u00edl\u00e1n\u00edm informac\u00ed souvisej\u00edc\u00edch se zbo\u017e\u00edm, slu\u017ebami nebo podnikem prod\u00e1vaj\u00edc\u00edho na\u00a0elektronickou adresu kupuj\u00edc\u00edho a\u00a0d\u00e1le souhlas\u00ed se zas\u00edl\u00e1n\u00edm obchodn\u00edch sd\u011blen\u00ed prod\u00e1vaj\u00edc\u00edm na\u00a0elektronickou adresu kupuj\u00edc\u00edho.<\/p>\n<p>Kupuj\u00edc\u00ed souhlas\u00ed s&nbsp;ukl\u00e1d\u00e1n\u00edm tzv.&nbsp;cookies na&nbsp;jeho po\u010d\u00edta\u010d. V&nbsp;p\u0159\u00edpad\u011b, \u017ee je n\u00e1kup na&nbsp;webov\u00e9 str\u00e1nce mo\u017en\u00e9 prov\u00e9st a&nbsp;z\u00e1vazky prod\u00e1vaj\u00edc\u00edho z&nbsp;kupn\u00ed smlouvy plnit, ani\u017e by doch\u00e1zelo k&nbsp;ukl\u00e1d\u00e1n\u00ed tzv.&nbsp;cookies na&nbsp;po\u010d\u00edta\u010d kupuj\u00edc\u00edho, m\u016f\u017ee kupuj\u00edc\u00ed souhlas podle p\u0159edchoz\u00ed v\u011bty kdykoliv odvolat.<\/p>\n","protected":false},"excerpt":{"rendered":"<p>OCHRANA OSOBN\u00cdCH \u00daDAJ\u016e Ochrana osobn\u00edch \u00fadaj\u016f kupuj\u00edc\u00edho, kter\u00fd je fyzickou osobou, je poskytov\u00e1na z\u00e1konem \u010d.&nbsp;101\/2000 Sb., o\u00a0ochran\u011b osobn\u00edch \u00fadaj\u016f, ve zn\u011bn\u00ed pozd\u011bj\u0161\u00edch p\u0159edpis\u016f. Kupuj\u00edc\u00ed souhlas\u00ed se zpracov\u00e1n\u00edm t\u011bchto sv\u00fdch osobn\u00edch \u00fadaj\u016f: jm\u00e9no a\u00a0p\u0159\u00edjmen\u00ed, adresa bydli\u0161t\u011b, identifika\u010dn\u00ed \u010d\u00edslo, da\u0148ov\u00e9 identifika\u010dn\u00ed \u010d\u00edslo, faktura\u010dn\u00ed adresa, adresa elektronick\u00e9 po\u0161ty, telefonn\u00ed \u010d\u00edslo, p\u0159\u00edpadn\u011b datum narozen\u00ed (d\u00e1le spole\u010dn\u011b v\u0161e jen jako&#8230;<\/p>\n","protected":false},"author":1,"featured_media":0,"parent":0,"menu_order":0,"comment_status":"closed","ping_status":"closed","template":"","meta":{"footnotes":""},"class_list":["post-243","page","type-page","status-publish","hentry"],"acf":[],"aioseo_notices":[],"_links":{"self":[{"href":"https:\/\/www.herbadent.com\/cs\/wp-json\/wp\/v2\/pages\/243","targetHints":{"allow":["GET"]}}],"collection":[{"href":"https:\/\/www.herbadent.com\/cs\/wp-json\/wp\/v2\/pages"}],"about":[{"href":"https:\/\/www.herbadent.com\/cs\/wp-json\/wp\/v2\/types\/page"}],"author":[{"embeddable":true,"href":"https:\/\/www.herbadent.com\/cs\/wp-json\/wp\/v2\/users\/1"}],"replies":[{"embeddable":true,"href":"https:\/\/www.herbadent.com\/cs\/wp-json\/wp\/v2\/comments?post=243"}],"version-history":[{"count":0,"href":"https:\/\/www.herbadent.com\/cs\/wp-json\/wp\/v2\/pages\/243\/revisions"}],"wp:attachment":[{"href":"https:\/\/www.herbadent.com\/cs\/wp-json\/wp\/v2\/media?parent=243"}],"curies":[{"name":"wp","href":"https:\/\/api.w.org\/{rel}","templated":true}]}}