{"id":228,"date":"2025-01-10T12:54:57","date_gmt":"2025-01-10T11:54:57","guid":{"rendered":"http:\/\/www.herbadent.com\/?page_id=228"},"modified":"2026-03-19T11:12:04","modified_gmt":"2026-03-19T10:12:04","slug":"vpois","status":"publish","type":"page","link":"https:\/\/www.herbadent.com\/cs\/vpois\/","title":{"rendered":"VPOIS"},"content":{"rendered":"<p><img loading=\"lazy\" decoding=\"async\" class=\"alignnone wp-image-7515\" src=\"https:\/\/www.herbadent.com\/wp-content\/uploads\/2026\/03\/herbadent-roztok-lek.png\" alt=\"\" width=\"450\" height=\"374\" srcset=\"https:\/\/www.herbadent.com\/wp-content\/uploads\/2026\/03\/herbadent-roztok-lek.png 1000w, https:\/\/www.herbadent.com\/wp-content\/uploads\/2026\/03\/herbadent-roztok-lek-300x249.png 300w, https:\/\/www.herbadent.com\/wp-content\/uploads\/2026\/03\/herbadent-roztok-lek-768x637.png 768w\" sizes=\"auto, (max-width: 450px) 100vw, 450px\" \/><\/p>\n<p>&nbsp;<\/p>\n<h2>HERBADENT roztok na&nbsp;d\u00e1sn\u011b<\/h2>\n<p>Herbarum extractum fluidum pro Herbadent, Acidum salicylicum, Benzocainum<\/p>\n<h2>1. CO JE HERBADENT roztok na&nbsp;d\u00e1sn\u011b A&nbsp;K&nbsp;\u010cEMU SE POU\u017d\u00cdV\u00c1<\/h2>\n<p>P\u0159\u00edpravek Herbadent roztok na&nbsp;d\u00e1sn\u011b se bez porady s&nbsp;l\u00e9ka\u0159em pou\u017e\u00edv\u00e1 k&nbsp;mas\u00e1\u017ei d\u00e1sn\u00ed, zejm\u00e9na p\u0159i&nbsp;paradent\u00f3ze a&nbsp;z\u00e1n\u011btu d\u00e1sn\u00ed a&nbsp;k&nbsp;o\u0161et\u0159en\u00ed otlak\u016f (nap\u0159.&nbsp;p\u0159i&nbsp;zubn\u00edch prot\u00e9z\u00e1ch).<\/p>\n<p>Po&nbsp;porad\u011b s&nbsp;l\u00e9ka\u0159em se d\u00e1le p\u0159\u00edpravek pou\u017e\u00edv\u00e1 k&nbsp;prevenci z\u00e1n\u011btu d\u00e1sn\u00ed po&nbsp;nasazen\u00ed dent\u00e1ln\u00edch dlah a&nbsp;mezi\u010delistn\u00edch fixac\u00ed, k&nbsp;o\u0161et\u0159en\u00ed slizni\u010dn\u00edch zm\u011bn p\u0159i&nbsp;z\u00e1va\u017en\u00fdch ko\u017en\u00edch a&nbsp;slizni\u010dn\u00edch reakc\u00edch (multiformn\u00ed eryt\u00e9m, pemphigus) nebo po&nbsp;traumatick\u00e9m po\u0161kozen\u00ed sliznice \u00fast. D\u00e1le p\u0159i&nbsp;z\u00e1n\u011btu dutiny \u00fastn\u00ed s&nbsp;tvorbou v\u0159\u00eddk\u016f \u010di&nbsp;puch\u00fd\u0159k\u016f (aft\u00f3zn\u00ed stomatitida, herpetick\u00e1 gingivostomatitida) a&nbsp;v&nbsp;r\u00e1mci pomocn\u00e9 l\u00e9\u010dby druhotn\u00fdch infekc\u00ed sliznice \u00fast po&nbsp;chirurgick\u00fdch stomatologick\u00fdch v\u00fdkonech.<\/p>\n<p>P\u0159\u00edpravek je ur\u010den pro dosp\u011bl\u00e9.<\/p>\n<h2>2.&nbsp;\u010cEMU MUS\u00cdTE V\u011aNOVAT POZORNOST, NE\u017d ZA\u010cNETE HERBADENT roztok na&nbsp;d\u00e1sn\u011b POU\u017d\u00cdVAT<\/h2>\n<p>Nepou\u017e\u00edvejte p\u0159\u00edpravek Herbadent roztok na&nbsp;d\u00e1sn\u011b<\/p>\n<p>&#8211; jestli\u017ee jste alergick\u00fd(\u00e1) na&nbsp;bylinn\u00fd extrakt pro p\u0159\u00edpravek Herbadent, kyselinu salicylovou, benzokain nebo na&nbsp;kteroukoli dal\u0161\u00ed slo\u017eku tohoto p\u0159\u00edpravku (uvedenou v&nbsp;bod\u011b 6)<\/p>\n<h3>D\u011bti a&nbsp;dosp\u00edvaj\u00edc\u00ed<\/h3>\n<p>Bezpe\u010dnost a&nbsp;\u00fa\u010dinnost p\u0159\u00edpravku u&nbsp;d\u011bt\u00ed a&nbsp;dosp\u00edvaj\u00edc\u00edch do 18 let v\u011bku nebyla dosud stanovena.<\/p>\n<p>Nejsou dostupn\u00e9 \u017e\u00e1dn\u00e9 \u00fadaje.<\/p>\n<p>Dal\u0161\u00ed l\u00e9\u010div\u00e9 p\u0159\u00edpravky a&nbsp;p\u0159\u00edpravek Herbadent roztok na&nbsp;d\u00e1sn\u011b<\/p>\n<p>Informujte sv\u00e9ho l\u00e9ka\u0159e nebo l\u00e9k\u00e1rn\u00edka o&nbsp;v\u0161ech l\u00e9c\u00edch, kter\u00e9 u\u017e\u00edv\u00e1te, kter\u00e9 jste v&nbsp;ned\u00e1vn\u00e9 dob\u011b u\u017e\u00edval(a) nebo kter\u00e9 mo\u017en\u00e1 budete u\u017e\u00edvat.<\/p>\n<h3>T\u011bhotenstv\u00ed a&nbsp;kojen\u00ed<\/h3>\n<p>Pokud jste t\u011bhotn\u00e1 nebo koj\u00edte, domn\u00edv\u00e1te se, \u017ee m\u016f\u017eete b\u00fdt t\u011bhotn\u00e1, nebo pl\u00e1nujete ot\u011bhotn\u011bt, pora\u010fte se se sv\u00fdm l\u00e9ka\u0159em d\u0159\u00edve, ne\u017e za\u010dnete tento p\u0159\u00edpravek u\u017e\u00edvat. P\u0159i&nbsp;doporu\u010den\u00e9m zp\u016fsobu aplikace nen\u00ed zn\u00e1mo \u017e\u00e1dn\u00e9 riziko.<\/p>\n<h3>\u0158\u00edzen\u00ed dopravn\u00edch prost\u0159edk\u016f<\/h3>\n<p>Vzhledem k&nbsp;charakteru p\u0159\u00edpravku nep\u0159ipad\u00e1 ovlivn\u011bn\u00ed \u0159\u00edzen\u00ed dopravn\u00edch prost\u0159edk\u016f a&nbsp;obsluhy stroj\u016f v&nbsp;\u00favahu.<\/p>\n<p>D\u016fle\u017eit\u00e1 informace o&nbsp;n\u011bkter\u00fdch slo\u017ek\u00e1ch p\u0159\u00edpravku Herbadent roztok na&nbsp;d\u00e1sn\u011b P\u0159\u00edpravek obsahuje alkohol.<\/p>\n<h2>3. JAK SE HERBADENT roztok na&nbsp;d\u00e1sn\u011b POU\u017d\u00cdV\u00c1<\/h2>\n<p>V\u017edy u\u017e\u00edvejte tento p\u0159\u00edpravek p\u0159esn\u011b v&nbsp;souladu s&nbsp;p\u0159\u00edbalovou informac\u00ed nebo podle pokyn\u016f sv\u00e9ho l\u00e9ka\u0159e nebo l\u00e9k\u00e1rn\u00edka. Pokud si nejste jist\u00fd(\u00e1), pora\u010fte se se sv\u00fdm l\u00e9ka\u0159em nebo l\u00e9k\u00e1rn\u00edkem.<\/p>\n<p>HERBADENT roztok na&nbsp;d\u00e1sn\u011b se pou\u017e\u00edv\u00e1 v&nbsp;ne\u0159ed\u011bn\u00e9m stavu. Slou\u017e\u00ed k&nbsp;mas\u00e1\u017ei d\u00e1sn\u00ed a&nbsp;pot\u00edr\u00e1n\u00ed slizni\u010dn\u00edch zm\u011bn.<\/p>\n<p><strong>Mas\u00e1\u017e d\u00e1sn\u00ed:<\/strong> P\u0159\u00edpravek se aplikuje tak, \u017ee se vatov\u00e1 ty\u010dinka nasyt\u00ed ne\u0159ed\u011bn\u00fdm roztokem Herbadentu a&nbsp;mas\u00edruje okraj d\u00e1sn\u011b asi 10kr\u00e1t okolo ka\u017ed\u00e9ho zubu. Tento v\u00fdkon se prov\u00e1d\u00ed jednou denn\u011b, v\u017edy ve\u010der po&nbsp;vy\u010di\u0161t\u011bn\u00ed zub\u016f.<\/p>\n<p><strong>Aplikace na&nbsp;slizni\u010dn\u00ed zm\u011bny:<\/strong> P\u0159\u00edpravek se aplikuje na&nbsp;posti\u017een\u00e9 m\u00edsto vatovou ty\u010dinkou nasycenou ne\u0159ed\u011bn\u00fdm roztokem p\u0159\u00edpravku.<\/p>\n<p>Pokud se do 7 dn\u016f nebudete c\u00edtit l\u00e9pe nebo pokud se V\u00e1m p\u0159it\u00ed\u017e\u00ed, mus\u00edte se poradit s&nbsp;l\u00e9ka\u0159em. Bez porady s&nbsp;l\u00e9ka\u0159em nepou\u017e\u00edvejte d\u00e9le ne\u017e 4 t\u00fddny.<\/p>\n<h2>4. MO\u017dN\u00c9 NE\u017d\u00c1DOUC\u00cd \u00da\u010cINKY<\/h2>\n<p>Podobn\u011b jako v\u0161echny l\u00e9ky, m\u016f\u017ee m\u00edt i&nbsp;tento p\u0159\u00edpravek ne\u017e\u00e1douc\u00ed \u00fa\u010dinky, kter\u00e9 se ale nemus\u00ed vyskytnout u&nbsp;ka\u017ed\u00e9ho. P\u0159i&nbsp;dodr\u017een\u00ed doporu\u010den\u00e9ho zp\u016fsobu pou\u017eit\u00ed nebyly zji\u0161t\u011bny. U&nbsp;osob p\u0159ecitliv\u011bl\u00fdch na&nbsp;n\u011bkterou slo\u017eku p\u0159\u00edpravku je mo\u017enost alergick\u00fdch reakc\u00ed.<\/p>\n<h3>Hl\u00e1\u0161en\u00ed ne\u017e\u00e1douc\u00edch \u00fa\u010dink\u016f<\/h3>\n<p>Pokud se u&nbsp;V\u00e1s vyskytne kter\u00fdkoliv z&nbsp;ne\u017e\u00e1douc\u00edch \u00fa\u010dink\u016f, sd\u011blte to sv\u00e9mu l\u00e9ka\u0159i nebo l\u00e9k\u00e1rn\u00edkovi. Stejn\u011b postupujte v&nbsp;p\u0159\u00edpad\u011b jak\u00fdchkoli na\u017e\u00e1douc\u00edch \u00fa\u010dink\u016f, kter\u00e9 nejsou uvedeny v&nbsp;t\u00e9to p\u0159\u00edbalov\u00e9 informaci. Ne\u017e\u00e1douc\u00ed \u00fa\u010dinky m\u016f\u017eete hl\u00e1sit tak\u00e9 p\u0159\u00edmo na&nbsp;adrese: St\u00e1tn\u00ed \u00fastav pro kontrolu l\u00e9\u010div, \u0160rob\u00e1rova 48, 100&nbsp;41 Praha 10, webov\u00e9 str\u00e1nky: www.sukl.cz\/nahlasit-nezadouci-ucinek.<\/p>\n<p>Nahl\u00e1\u0161en\u00edm ne\u017e\u00e1douc\u00edch \u00fa\u010dink\u016f m\u016f\u017eete p\u0159isp\u011bt k&nbsp;z\u00edsk\u00e1n\u00ed v\u00edce informac\u00ed o&nbsp;bezpe\u010dnosti tohoto p\u0159\u00edpravku.<\/p>\n<h2>5. JAK HERBADENT roztok na&nbsp;d\u00e1sn\u011b UCHOV\u00c1VAT<\/h2>\n<p>Uchov\u00e1vejte tento p\u0159\u00edpravek mimo dohled a&nbsp;dosah d\u011bt\u00ed.<\/p>\n<p><strong>Uchov\u00e1v\u00e1n\u00ed:<\/strong> Uchov\u00e1vejte p\u0159i&nbsp;teplot\u011b do 25&nbsp;\u00b0C. Uchov\u00e1vejte v&nbsp;dob\u0159e uzav\u0159en\u00e9m obalu, aby byl p\u0159\u00edpravek chr\u00e1n\u011bn p\u0159ed vlhkem.<\/p>\n<p>Nepou\u017e\u00edvejte tento p\u0159\u00edpravek po&nbsp;uplynut\u00ed doby pou\u017eitelnosti uveden\u00e9 na&nbsp;obalu za&nbsp;Pou\u017eiteln\u00e9 do:.<\/p>\n<p>Doba pou\u017eitelnosti se vztahuje k&nbsp;posledn\u00edmu dni uveden\u00e9ho m\u011bs\u00edce.<\/p>\n<p>Nevyhazujte \u017e\u00e1dn\u00e9 l\u00e9\u010div\u00e9 p\u0159\u00edpravky do odpadn\u00edch vod nebo dom\u00e1c\u00edho odpadu. Zeptejte se sv\u00e9ho l\u00e9k\u00e1rn\u00edka, jak nalo\u017eit s&nbsp;p\u0159\u00edpravky, kter\u00e9 ji\u017e nepou\u017e\u00edv\u00e1te. Tato opat\u0159en\u00ed pom\u00e1haj\u00ed chr\u00e1nit \u017eivotn\u00ed prost\u0159ed\u00ed.<\/p>\n<h2>6. DAL\u0160\u00cd INFORMACE<\/h2>\n<p>Co HERBADENT roztok na&nbsp;d\u00e1sn\u011b obsahuje<\/p>\n<p><strong>Slo\u017een\u00ed:<\/strong> 1 origin\u00e1ln\u00ed balen\u00ed (25 ml) p\u0159\u00edpravku obsahuje:<\/p>\n<p><strong>L\u00e9\u010div\u00fdmi l\u00e1tkami jsou:<\/strong> Herbarum extractum fluidum pro Herbadent (bylinn\u00fd extrakt pro p\u0159\u00edpravek Herbadent) 22,5ml, acidum salicylicum 0,25g, benzocainum 0,0625g.<\/p>\n<p>Pomocn\u00fdmi l\u00e1tkami jsou: kyselina borit\u00e1, monohydr\u00e1t kyseliny citronov\u00e9, silice m\u00e1ty peprn\u00e9, silice h\u0159eb\u00ed\u010dkovcov\u00e9ho kv\u011btu, silice plodu fenyklu obecn\u00e9ho prav\u00e9ho, ethanol 96% (V\/V), \u010di\u0161t\u011bn\u00e1 voda (sou\u010d\u00e1sti extraktu).<\/p>\n<p><strong>Slo\u017een\u00ed extraktu:<\/strong><\/p>\n<ul>\n<li>Agrimoniae herba (\u0159ep\u00edkov\u00e1 na\u0165): 5,0&nbsp;g<\/li>\n<li>Matricariae flos (he\u0159m\u00e1nkov\u00fd kv\u011bt): 2,0&nbsp;g<\/li>\n<li>Salviae officinalis herba (na\u0165 \u0161alv\u011bje l\u00e9ka\u0159sk\u00e9): 2,0&nbsp;g<\/li>\n<li>Tormentillae rhizoma (n\u00e1tr\u017en\u00edkov\u00fd oddenek): 1,0&nbsp;g<\/li>\n<li>Ethanolum 96% (V\/V) (ethanol 96%): 77,0&nbsp;g<\/li>\n<li>Aqua purificata (\u010di\u0161t\u011bn\u00e1 voda): 18,5&nbsp;g<\/li>\n<\/ul>\n<p>Jak HERBADENT roztok na&nbsp;d\u00e1sn\u011b vypad\u00e1 a&nbsp;co obsahuje toto balen\u00ed<\/p>\n<p>HERBADENT roztok na&nbsp;d\u00e1sn\u011b je \u010dir\u00e1 tekutina hn\u011bd\u00e9 barvy a&nbsp;charakteristick\u00e9ho pachu. Hn\u011bd\u00e1 sklen\u011bn\u00e1 lahvi\u010dka o&nbsp;obsahu 25 ml, LDPE t\u011bsn\u00edc\u00ed vlo\u017eka a&nbsp;HDPE \u0161roubovac\u00ed uz\u00e1v\u011br garantuj\u00edc\u00ed neporu\u0161enost obalu, krabi\u010dka.<\/p>\n<p><strong>Velikost balen\u00ed:<\/strong> 25 ml<\/p>\n<p><strong>Dr\u017eitel rozhodnut\u00ed o&nbsp;registraci:<\/strong><br \/>\nHerbai a.s.<br \/>\n\u00dadoln\u00ed 212\/1, 147&nbsp;00 Praha 4 \u2013 Bran\u00edk<br \/>\n\u010cesk\u00e1 republika<\/p>\n<p><strong>V\u00fdrobce:<\/strong><br \/>\nHerbai a.s.<br \/>\n\u00dadoln\u00ed 212\/1, 147&nbsp;00 Praha 4 \u2013 Bran\u00edk<br \/>\n\u010cesk\u00e1 republika<\/p>\n<p><strong>Adresa m\u00edsta v\u00fdroby:<\/strong><br \/>\nPra\u017esk\u00e1 900, 252&nbsp;10 Mn\u00ed\u0161ek pod Brdy<br \/>\n\u010cesk\u00e1 republika<\/p>\n<p>Informace byly naposledy revidov\u00e1ny 22.02.2024<\/p>\n<p><strong>Odborn\u00e9 informace<\/strong><\/p>\n<p>V&nbsp;p\u0159\u00edpad\u011b dotaz\u016f ohledn\u011b l\u00e9\u010div\u00fdch p\u0159\u00edpravk\u016f spole\u010dnosti HERBADENT a&nbsp;v\u0161eobecn\u00fdch odborn\u00fdch dotaz\u016f kontaktujte medic\u00ednsk\u00e9 odd\u011blen\u00ed: <a href=\"mailto:medinfo@herbadent.cz\">medinfo@herbadent.cz<\/a><\/p>\n","protected":false},"excerpt":{"rendered":"<p>&nbsp; HERBADENT roztok na&nbsp;d\u00e1sn\u011b Herbarum extractum fluidum pro Herbadent, Acidum salicylicum, Benzocainum 1. CO JE HERBADENT roztok na&nbsp;d\u00e1sn\u011b A&nbsp;K&nbsp;\u010cEMU SE POU\u017d\u00cdV\u00c1 P\u0159\u00edpravek Herbadent roztok na&nbsp;d\u00e1sn\u011b se bez porady s&nbsp;l\u00e9ka\u0159em pou\u017e\u00edv\u00e1 k&nbsp;mas\u00e1\u017ei d\u00e1sn\u00ed, zejm\u00e9na p\u0159i&nbsp;paradent\u00f3ze a&nbsp;z\u00e1n\u011btu d\u00e1sn\u00ed a&nbsp;k&nbsp;o\u0161et\u0159en\u00ed otlak\u016f (nap\u0159.&nbsp;p\u0159i&nbsp;zubn\u00edch prot\u00e9z\u00e1ch). Po&nbsp;porad\u011b s&nbsp;l\u00e9ka\u0159em se d\u00e1le p\u0159\u00edpravek pou\u017e\u00edv\u00e1 k&nbsp;prevenci z\u00e1n\u011btu d\u00e1sn\u00ed po&nbsp;nasazen\u00ed dent\u00e1ln\u00edch dlah a&nbsp;mezi\u010delistn\u00edch fixac\u00ed, k&nbsp;o\u0161et\u0159en\u00ed&#8230;<\/p>\n","protected":false},"author":1,"featured_media":0,"parent":0,"menu_order":0,"comment_status":"closed","ping_status":"closed","template":"","meta":{"footnotes":""},"class_list":["post-228","page","type-page","status-publish","hentry"],"acf":[],"aioseo_notices":[],"_links":{"self":[{"href":"https:\/\/www.herbadent.com\/cs\/wp-json\/wp\/v2\/pages\/228","targetHints":{"allow":["GET"]}}],"collection":[{"href":"https:\/\/www.herbadent.com\/cs\/wp-json\/wp\/v2\/pages"}],"about":[{"href":"https:\/\/www.herbadent.com\/cs\/wp-json\/wp\/v2\/types\/page"}],"author":[{"embeddable":true,"href":"https:\/\/www.herbadent.com\/cs\/wp-json\/wp\/v2\/users\/1"}],"replies":[{"embeddable":true,"href":"https:\/\/www.herbadent.com\/cs\/wp-json\/wp\/v2\/comments?post=228"}],"version-history":[{"count":0,"href":"https:\/\/www.herbadent.com\/cs\/wp-json\/wp\/v2\/pages\/228\/revisions"}],"wp:attachment":[{"href":"https:\/\/www.herbadent.com\/cs\/wp-json\/wp\/v2\/media?parent=228"}],"curies":[{"name":"wp","href":"https:\/\/api.w.org\/{rel}","templated":true}]}}